{"id":3392,"date":"2025-11-21T23:17:08","date_gmt":"2025-11-22T05:17:08","guid":{"rendered":"https:\/\/aguilarsoluciones.com\/network\/?post_type=product&#038;p=3392"},"modified":"2025-11-21T23:17:51","modified_gmt":"2025-11-22T05:17:51","slug":"memoria-usb-bootable-con-linux-ubuntu","status":"publish","type":"product","link":"https:\/\/aguilarsoluciones.com\/network\/producto\/memoria-usb-bootable-con-linux-ubuntu\/","title":{"rendered":"Memoria USB bootable con Linux Ubuntu"},"content":{"rendered":"<p>Memoria USB Kingston 16GB certificada, categor\u00eda &#8216;DataTraveler&#8217; cobertura de aluminio, tecnolog\u00eda de transferencia USB v2.0. 5 a\u00f1os de garant\u00eda por desperfectos de fabrica, directamente con el fabricante. Bootable (arrancable desde BIOS\/UEFI con version live e instalador de Linux Ubuntu<\/p>\n","protected":false},"excerpt":{"rendered":"<div class=\"mh-excerpt\"><ul>\n<li>Precio unitario<\/li>\n<li>Idioma del sistema operativo: Multilenguaje<\/li>\n<li>Totalmente actualizable y completamente equipado, listo para comenzar a usar de inmediato<\/li>\n<li>Para equipos nuevos, reinstalaciones limpias o actualizaciones desde versiones anteriores del sistema operativo<\/li>\n<\/ul>\n<\/div>","protected":false},"featured_media":3403,"comment_status":"open","ping_status":"closed","template":"","meta":{"_bbp_topic_count":0,"_bbp_reply_count":0,"_bbp_total_topic_count":0,"_bbp_total_reply_count":0,"_bbp_voice_count":0,"_bbp_anonymous_reply_count":0,"_bbp_topic_count_hidden":0,"_bbp_reply_count_hidden":0,"_bbp_forum_subforum_count":0,"csbAdvScrollBarCursor":""},"product_brand":[],"product_cat":[524,528,529],"product_tag":[530,527,525,535,536,526,537],"class_list":{"0":"post-3392","1":"product","2":"type-product","3":"status-publish","4":"has-post-thumbnail","6":"product_cat-almacenamiento","7":"product_cat-mantenimiento","8":"product_cat-soporte-tecnico","9":"product_tag-bootable","10":"product_tag-datatraveler","11":"product_tag-kingston","12":"product_tag-linux","13":"product_tag-live-usb","14":"product_tag-memoria-usb","15":"product_tag-ubuntu","17":"first","18":"instock","19":"sale","20":"taxable","21":"shipping-taxable","22":"purchasable","23":"product-type-simple"},"jetpack_sharing_enabled":true,"jetpack-related-posts":[],"_links":{"self":[{"href":"https:\/\/aguilarsoluciones.com\/network\/wp-json\/wp\/v2\/product\/3392","targetHints":{"allow":["GET"]}}],"collection":[{"href":"https:\/\/aguilarsoluciones.com\/network\/wp-json\/wp\/v2\/product"}],"about":[{"href":"https:\/\/aguilarsoluciones.com\/network\/wp-json\/wp\/v2\/types\/product"}],"replies":[{"embeddable":true,"href":"https:\/\/aguilarsoluciones.com\/network\/wp-json\/wp\/v2\/comments?post=3392"}],"wp:featuredmedia":[{"embeddable":true,"href":"https:\/\/aguilarsoluciones.com\/network\/wp-json\/wp\/v2\/media\/3403"}],"wp:attachment":[{"href":"https:\/\/aguilarsoluciones.com\/network\/wp-json\/wp\/v2\/media?parent=3392"}],"wp:term":[{"taxonomy":"product_brand","embeddable":true,"href":"https:\/\/aguilarsoluciones.com\/network\/wp-json\/wp\/v2\/product_brand?post=3392"},{"taxonomy":"product_cat","embeddable":true,"href":"https:\/\/aguilarsoluciones.com\/network\/wp-json\/wp\/v2\/product_cat?post=3392"},{"taxonomy":"product_tag","embeddable":true,"href":"https:\/\/aguilarsoluciones.com\/network\/wp-json\/wp\/v2\/product_tag?post=3392"}],"curies":[{"name":"wp","href":"https:\/\/api.w.org\/{rel}","templated":true}]}}