{"id":3387,"date":"2025-11-21T23:17:07","date_gmt":"2025-11-22T05:17:07","guid":{"rendered":"https:\/\/aguilarsoluciones.com\/network\/?post_type=product&#038;p=3387"},"modified":"2025-11-21T23:17:13","modified_gmt":"2025-11-22T05:17:13","slug":"memoria-usb-kingston-32gb-certificada","status":"publish","type":"product","link":"https:\/\/aguilarsoluciones.com\/network\/producto\/memoria-usb-kingston-32gb-certificada\/","title":{"rendered":"Memoria USB Kingston 32GB certificada"},"content":{"rendered":"<p>Memoria USB Kingston 32GB certificada, categor\u00eda &#8216;DataTraveler Exodia&#8217; cobertura de pol\u00edmero ABS altamente resistente, tecnolog\u00eda de transferencia USB v3.2 de alta velocidad. 5 a\u00f1os de garant\u00eda por desperfectos de f\u00e1brica, directamente con el fabricante<\/p>\n","protected":false},"excerpt":{"rendered":"<div class=\"mh-excerpt\"><ul>\n<li>Disponible en diversos colores<\/li>\n<li>Precio unitario<\/li>\n<li>Puede comprarse en lote por cajas o individual<\/li>\n<li>Totalmente nuevas, selladas y originales con sello de autenticidad<\/li>\n<\/ul>\n<\/div>","protected":false},"featured_media":3393,"comment_status":"open","ping_status":"closed","template":"","meta":{"_bbp_topic_count":0,"_bbp_reply_count":0,"_bbp_total_topic_count":0,"_bbp_total_reply_count":0,"_bbp_voice_count":0,"_bbp_anonymous_reply_count":0,"_bbp_topic_count_hidden":0,"_bbp_reply_count_hidden":0,"_bbp_forum_subforum_count":0,"csbAdvScrollBarCursor":""},"product_brand":[],"product_cat":[524],"product_tag":[525,526],"class_list":{"0":"post-3387","1":"product","2":"type-product","3":"status-publish","4":"has-post-thumbnail","6":"product_cat-almacenamiento","7":"product_tag-kingston","8":"product_tag-memoria-usb","10":"first","11":"instock","12":"sale","13":"taxable","14":"shipping-taxable","15":"purchasable","16":"product-type-simple"},"jetpack_sharing_enabled":true,"jetpack-related-posts":[],"_links":{"self":[{"href":"https:\/\/aguilarsoluciones.com\/network\/wp-json\/wp\/v2\/product\/3387","targetHints":{"allow":["GET"]}}],"collection":[{"href":"https:\/\/aguilarsoluciones.com\/network\/wp-json\/wp\/v2\/product"}],"about":[{"href":"https:\/\/aguilarsoluciones.com\/network\/wp-json\/wp\/v2\/types\/product"}],"replies":[{"embeddable":true,"href":"https:\/\/aguilarsoluciones.com\/network\/wp-json\/wp\/v2\/comments?post=3387"}],"wp:featuredmedia":[{"embeddable":true,"href":"https:\/\/aguilarsoluciones.com\/network\/wp-json\/wp\/v2\/media\/3393"}],"wp:attachment":[{"href":"https:\/\/aguilarsoluciones.com\/network\/wp-json\/wp\/v2\/media?parent=3387"}],"wp:term":[{"taxonomy":"product_brand","embeddable":true,"href":"https:\/\/aguilarsoluciones.com\/network\/wp-json\/wp\/v2\/product_brand?post=3387"},{"taxonomy":"product_cat","embeddable":true,"href":"https:\/\/aguilarsoluciones.com\/network\/wp-json\/wp\/v2\/product_cat?post=3387"},{"taxonomy":"product_tag","embeddable":true,"href":"https:\/\/aguilarsoluciones.com\/network\/wp-json\/wp\/v2\/product_tag?post=3387"}],"curies":[{"name":"wp","href":"https:\/\/api.w.org\/{rel}","templated":true}]}}